{"id":37,"date":"2023-08-23T23:44:35","date_gmt":"2023-08-23T21:44:35","guid":{"rendered":"https:\/\/libimon.com\/?page_id=37"},"modified":"2023-10-22T04:01:19","modified_gmt":"2023-10-22T02:01:19","slug":"impressum","status":"publish","type":"page","link":"https:\/\/libimon.com\/de\/impressum\/","title":{"rendered":"Impressum"},"content":{"rendered":"\t\t<div data-elementor-type=\"wp-page\" data-elementor-id=\"37\" class=\"elementor elementor-37\">\n\t\t\t\t<div class=\"elementor-element elementor-element-234624e e-flex e-con-boxed e-con e-parent\" data-id=\"234624e\" data-element_type=\"container\" data-e-type=\"container\">\n\t\t\t\t\t<div class=\"e-con-inner\">\n\t\t\t\t<div class=\"elementor-element elementor-element-c66b2fa elementor-widget elementor-widget-text-editor\" data-id=\"c66b2fa\" data-element_type=\"widget\" data-e-type=\"widget\" data-widget_type=\"text-editor.default\">\n\t\t\t\t<div class=\"elementor-widget-container\">\n\t\t\t\t\t\t\t\t\t<h2>Angaben gem\u00e4\u00df \u00a7 5 TMG<\/h2><p>MediaDistrict e.K.<br \/>Hardenbergstr. 53<br \/>41539 Dormagen<br \/>GERMANY<\/p><p>Web: http:\/\/www.tablegamecompany.com<br \/>Registergericht: Amtsgericht Neuss<br \/>Registernummer: HRA 7505<\/p><h2>Inhaber<\/h2><p>Marco Gro\u00df<\/p><h2>Kontakt<\/h2><p>Telefon: +49 (0) 176 21187289<br \/>Telefax: \u2014<br \/>E-Mail: contact2024 [\u00e4t] libimon [punkt] com<\/p><p>Elternfragen: family [\u00e4t] libimon [punkt] com<\/p><h2>Umsatzsteuer-ID<\/h2><p>Umsatzsteuer-Identifikationsnummer gem\u00e4\u00df \u00a7 27 a<br \/>Umsatzsteuergesetz (VAT): DE273680770<\/p><h2>EU-Streitschlichtung<\/h2><p>Die Europ\u00e4ische Kommission stellt eine Plattform zur Online-Streitbeilegung (OS) bereit: <a href=\"https:\/\/ec.europa.eu\/consumers\/odr\" target=\"_blank\" rel=\"noopener noreferrer\">https:\/\/ec.europa.eu\/consumers\/odr<\/a>.<br \/>Unsere E-Mail-Adresse finden Sie oben im Impressum.<\/p><h2>Verbraucher\u00adstreit\u00adbeilegung\/Universal\u00adschlichtungs\u00adstelle<\/h2><p>Wir sind nicht bereit oder verpflichtet, an Streitbeilegungsverfahren vor einer Verbraucherschlichtungsstelle teilzunehmen.<\/p><h3>Haftung f\u00fcr Inhalte<\/h3><p>Als Diensteanbieter sind wir gem\u00e4\u00df \u00a7 7 Abs.1 TMG f\u00fcr eigene Inhalte auf diesen Seiten nach den allgemeinen Gesetzen verantwortlich. Nach \u00a7\u00a7 8 bis 10 TMG sind wir als Diensteanbieter jedoch nicht verpflichtet, \u00fcbermittelte oder gespeicherte fremde Informationen zu \u00fcberwachen oder nach Umst\u00e4nden zu forschen, die auf eine rechtswidrige T\u00e4tigkeit hinweisen.<\/p><p>Verpflichtungen zur Entfernung oder Sperrung der Nutzung von Informationen nach den allgemeinen Gesetzen bleiben hiervon unber\u00fchrt. Eine diesbez\u00fcgliche Haftung ist jedoch erst ab dem Zeitpunkt der Kenntnis einer konkreten Rechtsverletzung m\u00f6glich. Bei Bekanntwerden von entsprechenden Rechtsverletzungen werden wir diese Inhalte umgehend entfernen.<\/p><h3>Haftung f\u00fcr Links<\/h3><p>Unser Angebot enth\u00e4lt Links zu externen Websites Dritter, auf deren Inhalte wir keinen Einfluss haben. Deshalb k\u00f6nnen wir f\u00fcr diese fremden Inhalte auch keine Gew\u00e4hr \u00fcbernehmen. F\u00fcr die Inhalte der verlinkten Seiten ist stets der jeweilige Anbieter oder Betreiber der Seiten verantwortlich. Die verlinkten Seiten wurden zum Zeitpunkt der Verlinkung auf m\u00f6gliche Rechtsverst\u00f6\u00dfe \u00fcberpr\u00fcft. Rechtswidrige Inhalte waren zum Zeitpunkt der Verlinkung nicht erkennbar.<\/p><p>Eine permanente inhaltliche Kontrolle der verlinkten Seiten ist jedoch ohne konkrete Anhaltspunkte einer Rechtsverletzung nicht zumutbar. Bei Bekanntwerden von Rechtsverletzungen werden wir derartige Links umgehend entfernen.<\/p><h3>Urheberrecht<\/h3><p>Die durch die Seitenbetreiber erstellten Inhalte und Werke auf diesen Seiten unterliegen dem deutschen Urheberrecht. Die Vervielf\u00e4ltigung, Bearbeitung, Verbreitung und jede Art der Verwertung au\u00dferhalb der Grenzen des Urheberrechtes bed\u00fcrfen der schriftlichen Zustimmung des jeweiligen Autors bzw. Erstellers. Downloads und Kopien dieser Seite sind nur f\u00fcr den privaten, nicht kommerziellen Gebrauch gestattet.<\/p><p>Soweit die Inhalte auf dieser Seite nicht vom Betreiber erstellt wurden, werden die Urheberrechte Dritter beachtet. Insbesondere werden Inhalte Dritter als solche gekennzeichnet. Sollten Sie trotzdem auf eine Urheberrechtsverletzung aufmerksam werden, bitten wir um einen entsprechenden Hinweis. Bei Bekanntwerden von Rechtsverletzungen werden wir derartige Inhalte umgehend entfernen.<\/p><p>Quelle: <a href=\"https:\/\/www.e-recht24.de\">https:\/\/www.e-recht24.de<\/a><\/p>\t\t\t\t\t\t\t\t<\/div>\n\t\t\t\t<\/div>\n\t\t\t\t\t<\/div>\n\t\t\t\t<\/div>\n\t\t\t\t<\/div>\n\t\t","protected":false},"excerpt":{"rendered":"<p>Angaben gem\u00e4\u00df \u00a7 5 TMG MediaDistrict e.K.Hardenbergstr. 5341539 DormagenGERMANY Web: http:\/\/www.tablegamecompany.comRegistergericht: Amtsgericht NeussRegisternummer: HRA 7505 Inhaber Marco Gro\u00df Kontakt Telefon: +49 (0) 176 21187289Telefax: \u2014E-Mail: contact2024 [\u00e4t] libimon [punkt] com Elternfragen: family [\u00e4t] libimon [punkt] com Umsatzsteuer-ID Umsatzsteuer-Identifikationsnummer gem\u00e4\u00df \u00a7 27 aUmsatzsteuergesetz (VAT): DE273680770 EU-Streitschlichtung Die Europ\u00e4ische Kommission stellt eine Plattform zur Online-Streitbeilegung (OS) bereit: [&hellip;]<\/p>\n","protected":false},"author":1,"featured_media":758,"parent":0,"menu_order":0,"comment_status":"closed","ping_status":"closed","template":"","meta":{"footnotes":""},"class_list":["post-37","page","type-page","status-publish","has-post-thumbnail","hentry"],"yoast_head":"<!-- This site is optimized with the Yoast SEO plugin v27.2 - https:\/\/yoast.com\/product\/yoast-seo-wordpress\/ -->\n<title>Imprint - LiBiMon - World of little big monsters<\/title>\n<meta name=\"description\" content=\"Impress Company Details\" \/>\n<meta name=\"robots\" content=\"noindex, nofollow\" \/>\n<meta property=\"og:locale\" content=\"de_DE\" \/>\n<meta property=\"og:type\" content=\"article\" \/>\n<meta property=\"og:title\" content=\"Imprint - LiBiMon - World of little big monsters\" \/>\n<meta property=\"og:description\" content=\"Impress Company Details\" \/>\n<meta property=\"og:url\" content=\"https:\/\/libimon.com\/de\/impressum\/\" \/>\n<meta property=\"og:site_name\" content=\"LiBiMon - World of little big monsters\" \/>\n<meta property=\"article:publisher\" content=\"https:\/\/www.facebook.com\/tablegamecompany\" \/>\n<meta property=\"article:modified_time\" content=\"2023-10-22T02:01:19+00:00\" \/>\n<meta property=\"og:image\" content=\"https:\/\/libimon.com\/wp-content\/uploads\/2023\/10\/welcome-overlay-mobi.webp\" \/>\n\t<meta property=\"og:image:width\" content=\"250\" \/>\n\t<meta property=\"og:image:height\" content=\"394\" \/>\n\t<meta property=\"og:image:type\" content=\"image\/webp\" \/>\n<meta name=\"twitter:card\" content=\"summary_large_image\" \/>\n<meta name=\"twitter:site\" content=\"@tablegamenews\" \/>\n<meta name=\"twitter:label1\" content=\"Gesch\u00e4tzte Lesezeit\" \/>\n\t<meta name=\"twitter:data1\" content=\"3\u00a0Minuten\" \/>\n<script type=\"application\/ld+json\" class=\"yoast-schema-graph\">{\"@context\":\"https:\/\/schema.org\",\"@graph\":[{\"@type\":\"WebPage\",\"@id\":\"https:\/\/libimon.com\/impressum\/\",\"url\":\"https:\/\/libimon.com\/impressum\/\",\"name\":\"Imprint - LiBiMon - World of little big monsters\",\"isPartOf\":{\"@id\":\"https:\/\/libimon.com\/#website\"},\"primaryImageOfPage\":{\"@id\":\"https:\/\/libimon.com\/impressum\/#primaryimage\"},\"image\":{\"@id\":\"https:\/\/libimon.com\/impressum\/#primaryimage\"},\"thumbnailUrl\":\"https:\/\/libimon.com\/wp-content\/uploads\/2023\/10\/welcome-overlay-mobi.webp\",\"datePublished\":\"2023-08-23T21:44:35+00:00\",\"dateModified\":\"2023-10-22T02:01:19+00:00\",\"description\":\"Impress Company Details\",\"breadcrumb\":{\"@id\":\"https:\/\/libimon.com\/impressum\/#breadcrumb\"},\"inLanguage\":\"de\",\"potentialAction\":[{\"@type\":\"ReadAction\",\"target\":[\"https:\/\/libimon.com\/impressum\/\"]}]},{\"@type\":\"ImageObject\",\"inLanguage\":\"de\",\"@id\":\"https:\/\/libimon.com\/impressum\/#primaryimage\",\"url\":\"https:\/\/libimon.com\/wp-content\/uploads\/2023\/10\/welcome-overlay-mobi.webp\",\"contentUrl\":\"https:\/\/libimon.com\/wp-content\/uploads\/2023\/10\/welcome-overlay-mobi.webp\",\"width\":250,\"height\":394},{\"@type\":\"BreadcrumbList\",\"@id\":\"https:\/\/libimon.com\/impressum\/#breadcrumb\",\"itemListElement\":[{\"@type\":\"ListItem\",\"position\":1,\"name\":\"Startseite\",\"item\":\"https:\/\/libimon.com\/\"},{\"@type\":\"ListItem\",\"position\":2,\"name\":\"Imprint\"}]},{\"@type\":\"WebSite\",\"@id\":\"https:\/\/libimon.com\/#website\",\"url\":\"https:\/\/libimon.com\/\",\"name\":\"LiBiMon - World of little big monsters\",\"description\":\"Board Games &amp; Trading Cards Game\",\"publisher\":{\"@id\":\"https:\/\/libimon.com\/#organization\"},\"potentialAction\":[{\"@type\":\"SearchAction\",\"target\":{\"@type\":\"EntryPoint\",\"urlTemplate\":\"https:\/\/libimon.com\/?s={search_term_string}\"},\"query-input\":{\"@type\":\"PropertyValueSpecification\",\"valueRequired\":true,\"valueName\":\"search_term_string\"}}],\"inLanguage\":\"de\"},{\"@type\":\"Organization\",\"@id\":\"https:\/\/libimon.com\/#organization\",\"name\":\"LiBiMon - World of little big monsters\",\"url\":\"https:\/\/libimon.com\/\",\"logo\":{\"@type\":\"ImageObject\",\"inLanguage\":\"de\",\"@id\":\"https:\/\/libimon.com\/#\/schema\/logo\/image\/\",\"url\":\"https:\/\/libimon.com\/wp-content\/uploads\/2023\/10\/libimon-simple-onGreen.png\",\"contentUrl\":\"https:\/\/libimon.com\/wp-content\/uploads\/2023\/10\/libimon-simple-onGreen.png\",\"width\":200,\"height\":66,\"caption\":\"LiBiMon - World of little big monsters\"},\"image\":{\"@id\":\"https:\/\/libimon.com\/#\/schema\/logo\/image\/\"},\"sameAs\":[\"https:\/\/www.facebook.com\/tablegamecompany\",\"https:\/\/x.com\/tablegamenews\",\"https:\/\/discord.gg\/s5VD94jWXV\",\"https:\/\/www.instagram.com\/libimon_official\"]}]}<\/script>\n<!-- \/ Yoast SEO plugin. -->","yoast_head_json":{"title":"Imprint - LiBiMon - World of little big monsters","description":"Impress Company Details","robots":{"index":"noindex","follow":"nofollow"},"og_locale":"de_DE","og_type":"article","og_title":"Imprint - LiBiMon - World of little big monsters","og_description":"Impress Company Details","og_url":"https:\/\/libimon.com\/de\/impressum\/","og_site_name":"LiBiMon - World of little big monsters","article_publisher":"https:\/\/www.facebook.com\/tablegamecompany","article_modified_time":"2023-10-22T02:01:19+00:00","og_image":[{"width":250,"height":394,"url":"https:\/\/libimon.com\/wp-content\/uploads\/2023\/10\/welcome-overlay-mobi.webp","type":"image\/webp"}],"twitter_card":"summary_large_image","twitter_site":"@tablegamenews","twitter_misc":{"Gesch\u00e4tzte Lesezeit":"3\u00a0Minuten"},"schema":{"@context":"https:\/\/schema.org","@graph":[{"@type":"WebPage","@id":"https:\/\/libimon.com\/impressum\/","url":"https:\/\/libimon.com\/impressum\/","name":"Imprint - LiBiMon - World of little big monsters","isPartOf":{"@id":"https:\/\/libimon.com\/#website"},"primaryImageOfPage":{"@id":"https:\/\/libimon.com\/impressum\/#primaryimage"},"image":{"@id":"https:\/\/libimon.com\/impressum\/#primaryimage"},"thumbnailUrl":"https:\/\/libimon.com\/wp-content\/uploads\/2023\/10\/welcome-overlay-mobi.webp","datePublished":"2023-08-23T21:44:35+00:00","dateModified":"2023-10-22T02:01:19+00:00","description":"Impress Company Details","breadcrumb":{"@id":"https:\/\/libimon.com\/impressum\/#breadcrumb"},"inLanguage":"de","potentialAction":[{"@type":"ReadAction","target":["https:\/\/libimon.com\/impressum\/"]}]},{"@type":"ImageObject","inLanguage":"de","@id":"https:\/\/libimon.com\/impressum\/#primaryimage","url":"https:\/\/libimon.com\/wp-content\/uploads\/2023\/10\/welcome-overlay-mobi.webp","contentUrl":"https:\/\/libimon.com\/wp-content\/uploads\/2023\/10\/welcome-overlay-mobi.webp","width":250,"height":394},{"@type":"BreadcrumbList","@id":"https:\/\/libimon.com\/impressum\/#breadcrumb","itemListElement":[{"@type":"ListItem","position":1,"name":"Startseite","item":"https:\/\/libimon.com\/"},{"@type":"ListItem","position":2,"name":"Imprint"}]},{"@type":"WebSite","@id":"https:\/\/libimon.com\/#website","url":"https:\/\/libimon.com\/","name":"LiBiMon - World of little big monsters","description":"Board Games &amp; Trading Cards Game","publisher":{"@id":"https:\/\/libimon.com\/#organization"},"potentialAction":[{"@type":"SearchAction","target":{"@type":"EntryPoint","urlTemplate":"https:\/\/libimon.com\/?s={search_term_string}"},"query-input":{"@type":"PropertyValueSpecification","valueRequired":true,"valueName":"search_term_string"}}],"inLanguage":"de"},{"@type":"Organization","@id":"https:\/\/libimon.com\/#organization","name":"LiBiMon - World of little big monsters","url":"https:\/\/libimon.com\/","logo":{"@type":"ImageObject","inLanguage":"de","@id":"https:\/\/libimon.com\/#\/schema\/logo\/image\/","url":"https:\/\/libimon.com\/wp-content\/uploads\/2023\/10\/libimon-simple-onGreen.png","contentUrl":"https:\/\/libimon.com\/wp-content\/uploads\/2023\/10\/libimon-simple-onGreen.png","width":200,"height":66,"caption":"LiBiMon - World of little big monsters"},"image":{"@id":"https:\/\/libimon.com\/#\/schema\/logo\/image\/"},"sameAs":["https:\/\/www.facebook.com\/tablegamecompany","https:\/\/x.com\/tablegamenews","https:\/\/discord.gg\/s5VD94jWXV","https:\/\/www.instagram.com\/libimon_official"]}]}},"_links":{"self":[{"href":"https:\/\/libimon.com\/de\/wp-json\/wp\/v2\/pages\/37","targetHints":{"allow":["GET"]}}],"collection":[{"href":"https:\/\/libimon.com\/de\/wp-json\/wp\/v2\/pages"}],"about":[{"href":"https:\/\/libimon.com\/de\/wp-json\/wp\/v2\/types\/page"}],"author":[{"embeddable":true,"href":"https:\/\/libimon.com\/de\/wp-json\/wp\/v2\/users\/1"}],"replies":[{"embeddable":true,"href":"https:\/\/libimon.com\/de\/wp-json\/wp\/v2\/comments?post=37"}],"version-history":[{"count":0,"href":"https:\/\/libimon.com\/de\/wp-json\/wp\/v2\/pages\/37\/revisions"}],"wp:featuredmedia":[{"embeddable":true,"href":"https:\/\/libimon.com\/de\/wp-json\/wp\/v2\/media\/758"}],"wp:attachment":[{"href":"https:\/\/libimon.com\/de\/wp-json\/wp\/v2\/media?parent=37"}],"curies":[{"name":"wp","href":"https:\/\/api.w.org\/{rel}","templated":true}]}}